{"id":11667,"date":"2020-10-05T11:53:00","date_gmt":"2020-10-05T15:53:00","guid":{"rendered":"https:\/\/uberspec.com\/?page_id=11667"},"modified":"2025-02-04T09:33:35","modified_gmt":"2025-02-04T14:33:35","slug":"certifications-et-approbations","status":"publish","type":"page","link":"https:\/\/uberspec.com\/fr\/certifications-et-approbations\/","title":{"rendered":"Certifications et Approbations"},"content":{"rendered":"<p>[vc_row bg_type=&#8221;image&#8221; bg_override=&#8221;ex-full&#8221; css=&#8221;.vc_custom_1601911079015{padding-top: 75px !important;padding-bottom: 75px !important;background-image: url(https:\/\/uberspec.com\/wp-content\/uploads\/2016\/03\/ndt-bg-03.jpg?id=10296) !important;}&#8221;][vc_column]<div id=\"ultimate-heading-663969de25d6e7724\" class=\"uvc-heading ult-adjust-bottom-margin ultimate-heading-663969de25d6e7724 uvc-5220 \" data-hspacer=\"no_spacer\"  data-halign=\"center\" style=\"text-align:center\"><div class=\"uvc-heading-spacer no_spacer\" style=\"top\"><\/div><div class=\"uvc-sub-heading ult-responsive\"  data-ultimate-target='.uvc-heading.ultimate-heading-663969de25d6e7724 .uvc-sub-heading '  data-responsive-json-new='{\"font-size\":\"\",\"line-height\":\"\"}'  style=\"font-weight:normal;\"><\/p>\n<h1><span style=\"color: #ffffff;\"><span style=\"color: #96c020;\"><strong>CERTIFICATIONS ET APPROBATIONS<\/strong><\/span><br \/>\n<\/span><\/h1>\n<p>&nbsp;<\/p>\n<p>&nbsp;<\/div><\/div>[\/vc_column][\/vc_row][vc_row][vc_column][vc_empty_space height=&#8221;75px&#8221;][\/vc_column][\/vc_row][vc_row][vc_column width=&#8221;1\/2&#8243;][vc_row_inner][vc_column_inner width=&#8221;1\/3&#8243;][vc_single_image image=&#8221;11669&#8243; img_size=&#8221;full&#8221;][\/vc_column_inner][vc_column_inner width=&#8221;2\/3&#8243;][vc_column_text]<\/p>\n<h2>Transport Canada<\/h2>\n<p>La Direction de l\u2019aviation civile, aussi connue sous le nom de Transport Canada Aviation Civile (TCAC), fait la promotion de la s\u00e9curit\u00e9 du r\u00e9seau national de transport a\u00e9rien par le biais de son cadre r\u00e9glementaire et de ses activit\u00e9s de surveillance.<\/p>\n<p>Dans le cadre de leurs activit\u00e9s de surveillance, ils v\u00e9rifient si l\u2019industrie a\u00e9ronautique se conforme au cadre r\u00e9glementaire au moyen de certifications, d\u2019\u00e9valuations, de validations, d\u2019inspections et de mesures d\u2019application de la loi.[\/vc_column_text]<div class=\" ubtn-ctn-left inline-button\"><a class=\"ubtn-link ult-adjust-bottom-margin ubtn-left ubtn-normal inline-button\" href = \"https:\/\/tc.canada.ca\/fr\" target=' _blank' ><button type=\"button\" id=\"ubtn-1566\" class=\"ubtn ult-adjust-bottom-margin ult-responsive ubtn-normal ubtn-fade-bg  none  ubtn-left   tooltip-69de25d6e7768\"  data-hover=\"\" data-border-color=\"\" data-bg=\"#133f6c\" data-hover-bg=\"#2967a2\" data-border-hover=\"\" data-shadow-hover=\"\" data-shadow-click=\"none\" data-shadow=\"\" data-shd-shadow=\"\"  data-ultimate-target='#ubtn-1566'  data-responsive-json-new='{\"font-size\":\"desktop:16px;\",\"line-height\":\"\"}'  style=\"font-weight:normal;border:none;background: #133f6c;color: #ffffff;\"><span class=\"ubtn-data ubtn-icon\"><i class=\"none\" style=\"font-size:16px;color:;\"><\/i><\/span><span class=\"ubtn-hover\" style=\"background-color:#2967a2\"><\/span><span class=\"ubtn-data ubtn-text \" >SITE WEB<\/span><\/button><\/a><\/div><div class=\" ubtn-ctn-right inline-button with-arrow\"><a class=\"ubtn-link ult-adjust-bottom-margin ubtn-right ubtn-normal inline-button with-arrow\" href = \"https:\/\/uberspec.com\/wp-content\/uploads\/2020\/10\/AMO-Certificate.pdf\" target=' _blank' ><button type=\"button\" id=\"ubtn-5141\" class=\"ubtn ult-adjust-bottom-margin ult-responsive ubtn-normal ubtn-fade-bg  none  ubtn-right   tooltip-69de25d6e77d0\"  data-hover=\"\" data-border-color=\"\" data-bg=\"#133f6c\" data-hover-bg=\"#2967a2\" data-border-hover=\"\" data-shadow-hover=\"\" data-shadow-click=\"none\" data-shadow=\"\" data-shd-shadow=\"\"  data-ultimate-target='#ubtn-5141'  data-responsive-json-new='{\"font-size\":\"desktop:16px;\",\"line-height\":\"\"}'  style=\"font-weight:normal;border:none;background: #133f6c;color: #ffffff;\"><span class=\"ubtn-data ubtn-icon\"><i class=\"none\" style=\"font-size:16px;color:;\"><\/i><\/span><span class=\"ubtn-hover\" style=\"background-color:#2967a2\"><\/span><span class=\"ubtn-data ubtn-text \" >PDF<\/span><\/button><\/a><\/div>[\/vc_column_inner][\/vc_row_inner][\/vc_column][vc_column width=&#8221;1\/2&#8243;][vc_row_inner][vc_column_inner width=&#8221;1\/3&#8243;][vc_single_image image=&#8221;11671&#8243; img_size=&#8221;full&#8221;][\/vc_column_inner][vc_column_inner width=&#8221;2\/3&#8243;][vc_column_text]<\/p>\n<h2>EASA<\/h2>\n<p>L\u2019Agence Europ\u00e9enne de la S\u00e9curit\u00e9 A\u00e9rienne (AESA) est une agence responsable de la s\u00e9curit\u00e9 de l\u2019aviation civile de l\u2019Union Europ\u00e9enne (UE). Elle administre les certifications, r\u00e8glements, standardisations et effectue des enqu\u00eates et suivis.[\/vc_column_text]<div class=\" ubtn-ctn-left inline-button\"><a class=\"ubtn-link ult-adjust-bottom-margin ubtn-left ubtn-normal inline-button\" href = \"https:\/\/www.easa.europa.eu\/\" target=' _blank' ><button type=\"button\" id=\"ubtn-7874\" class=\"ubtn ult-adjust-bottom-margin ult-responsive ubtn-normal ubtn-fade-bg  none  ubtn-left   tooltip-69de25d6e7803\"  data-hover=\"\" data-border-color=\"\" data-bg=\"#133f6c\" data-hover-bg=\"#2967a2\" data-border-hover=\"\" data-shadow-hover=\"\" data-shadow-click=\"none\" data-shadow=\"\" data-shd-shadow=\"\"  data-ultimate-target='#ubtn-7874'  data-responsive-json-new='{\"font-size\":\"desktop:16px;\",\"line-height\":\"\"}'  style=\"font-weight:normal;border:none;background: #133f6c;color: #ffffff;\"><span class=\"ubtn-data ubtn-icon\"><i class=\"none\" style=\"font-size:16px;color:;\"><\/i><\/span><span class=\"ubtn-hover\" style=\"background-color:#2967a2\"><\/span><span class=\"ubtn-data ubtn-text \" >SITE WEB<\/span><\/button><\/a><\/div><div class=\" ubtn-ctn-right inline-button with-arrow\"><a class=\"ubtn-link ult-adjust-bottom-margin ubtn-right ubtn-normal inline-button with-arrow\" href = \"https:\/\/uberspec.com\/wp-content\/uploads\/2020\/10\/EASA-2019-06-18.pdf\" target=' _blank' ><button type=\"button\" id=\"ubtn-2754\" class=\"ubtn ult-adjust-bottom-margin ult-responsive ubtn-normal ubtn-fade-bg  none  ubtn-right   tooltip-69de25d6e7843\"  data-hover=\"\" data-border-color=\"\" data-bg=\"#133f6c\" data-hover-bg=\"#2967a2\" data-border-hover=\"\" data-shadow-hover=\"\" data-shadow-click=\"none\" data-shadow=\"\" data-shd-shadow=\"\"  data-ultimate-target='#ubtn-2754'  data-responsive-json-new='{\"font-size\":\"desktop:16px;\",\"line-height\":\"\"}'  style=\"font-weight:normal;border:none;background: #133f6c;color: #ffffff;\"><span class=\"ubtn-data ubtn-icon\"><i class=\"none\" style=\"font-size:16px;color:;\"><\/i><\/span><span class=\"ubtn-hover\" style=\"background-color:#2967a2\"><\/span><span class=\"ubtn-data ubtn-text \" >PDF<\/span><\/button><\/a><\/div>[\/vc_column_inner][\/vc_row_inner][\/vc_column][\/vc_row][vc_row][vc_column][vc_separator color=&#8221;custom&#8221; border_width=&#8221;2&#8243; accent_color=&#8221;#96c01f&#8221;][\/vc_column][\/vc_row][vc_row][vc_column width=&#8221;1\/2&#8243;][vc_row_inner][vc_column_inner width=&#8221;1\/3&#8243;][vc_single_image image=&#8221;11683&#8243; img_size=&#8221;full&#8221;][\/vc_column_inner][vc_column_inner width=&#8221;2\/3&#8243;][vc_column_text]<\/p>\n<h2>Nadcap<\/h2>\n<p>Nadcap est une approche g\u00e9r\u00e9e par le secteur de l\u2019\u00e9valuation de la conformit\u00e9 qui r\u00e9unit des experts techniques de l\u2019industrie et du Gouvernement qui d\u00e9finissent les crit\u00e8res d\u2019accr\u00e9ditation, accr\u00e9ditent les fournisseurs et sp\u00e9cifient les exigences des programmes op\u00e9rationnels.<\/p>\n<p>Puisque les fabricants, les sous-traitants principaux, les fournisseurs et les repr\u00e9sentants du gouvernement ont uni leurs forces pour \u00e9laborer un programme standardis\u00e9, elle permet une approche unique et non biais\u00e9e de la garantie de la qualit\u00e9 et une r\u00e9duction des audits superflus.[\/vc_column_text]<div class=\" ubtn-ctn-left inline-button\"><a class=\"ubtn-link ult-adjust-bottom-margin ubtn-left ubtn-normal inline-button\" href = \"https:\/\/p-r-i.org\/nadcap\/\" target=' _blank' ><button type=\"button\" id=\"ubtn-1350\" class=\"ubtn ult-adjust-bottom-margin ult-responsive ubtn-normal ubtn-fade-bg  none  ubtn-left   tooltip-69de25d6e7878\"  data-hover=\"\" data-border-color=\"\" data-bg=\"#133f6c\" data-hover-bg=\"#2967a2\" data-border-hover=\"\" data-shadow-hover=\"\" data-shadow-click=\"none\" data-shadow=\"\" data-shd-shadow=\"\"  data-ultimate-target='#ubtn-1350'  data-responsive-json-new='{\"font-size\":\"desktop:16px;\",\"line-height\":\"\"}'  style=\"font-weight:normal;border:none;background: #133f6c;color: #ffffff;\"><span class=\"ubtn-data ubtn-icon\"><i class=\"none\" style=\"font-size:16px;color:;\"><\/i><\/span><span class=\"ubtn-hover\" style=\"background-color:#2967a2\"><\/span><span class=\"ubtn-data ubtn-text \" >SITE WEB<\/span><\/button><\/a><\/div><div class=\" ubtn-ctn-right inline-button with-arrow\"><a class=\"ubtn-link ult-adjust-bottom-margin ubtn-right ubtn-normal inline-button with-arrow\" href = \"https:\/\/uberspec.com\/wp-content\/uploads\/2025\/02\/Certificate-NADCAP-2024.pdf\" target=' _blank' ><button type=\"button\" id=\"ubtn-5274\" class=\"ubtn ult-adjust-bottom-margin ult-responsive ubtn-normal ubtn-fade-bg  none  ubtn-right   tooltip-69de25d6e78a5\"  data-hover=\"\" data-border-color=\"\" data-bg=\"#133f6c\" data-hover-bg=\"#2967a2\" data-border-hover=\"\" data-shadow-hover=\"\" data-shadow-click=\"none\" data-shadow=\"\" data-shd-shadow=\"\"  data-ultimate-target='#ubtn-5274'  data-responsive-json-new='{\"font-size\":\"desktop:16px;\",\"line-height\":\"\"}'  style=\"font-weight:normal;border:none;background: #133f6c;color: #ffffff;\"><span class=\"ubtn-data ubtn-icon\"><i class=\"none\" style=\"font-size:16px;color:;\"><\/i><\/span><span class=\"ubtn-hover\" style=\"background-color:#2967a2\"><\/span><span class=\"ubtn-data ubtn-text \" >PDF<\/span><\/button><\/a><\/div>[\/vc_column_inner][\/vc_row_inner][\/vc_column][vc_column width=&#8221;1\/2&#8243;][vc_row_inner][vc_column_inner width=&#8221;1\/3&#8243;][vc_single_image image=&#8221;11759&#8243; img_size=&#8221;full&#8221;][\/vc_column_inner][vc_column_inner width=&#8221;2\/3&#8243;][vc_column_text]<\/p>\n<h2>AS9100<\/h2>\n<p>La s\u00e9rie AS des normes ISO est la norme de syst\u00e8mes de gestion de qualit\u00e9 applicable aux entreprises qui fournissent les industries de l\u2019aviation, de l\u2019espace et de la d\u00e9fense. Ces standards comprennent ISO 9001:2015 avec en suppl\u00e9ment l\u2019ajout d\u2019exigences additionnelles sp\u00e9cifiques \u00e0 l\u2019industrie a\u00e9ronautique.[\/vc_column_text]<div class=\" ubtn-ctn-left inline-button\"><a class=\"ubtn-link ult-adjust-bottom-margin ubtn-left ubtn-normal inline-button\" href = \"https:\/\/www.nqa.com\/fr-ca\" target=' _blank' ><button type=\"button\" id=\"ubtn-7983\" class=\"ubtn ult-adjust-bottom-margin ult-responsive ubtn-normal ubtn-fade-bg  none  ubtn-left   tooltip-69de25d6e78cd\"  data-hover=\"\" data-border-color=\"\" data-bg=\"#133f6c\" data-hover-bg=\"#2967a2\" data-border-hover=\"\" data-shadow-hover=\"\" data-shadow-click=\"none\" data-shadow=\"\" data-shd-shadow=\"\"  data-ultimate-target='#ubtn-7983'  data-responsive-json-new='{\"font-size\":\"desktop:16px;\",\"line-height\":\"\"}'  style=\"font-weight:normal;border:none;background: #133f6c;color: #ffffff;\"><span class=\"ubtn-data ubtn-icon\"><i class=\"none\" style=\"font-size:16px;color:;\"><\/i><\/span><span class=\"ubtn-hover\" style=\"background-color:#2967a2\"><\/span><span class=\"ubtn-data ubtn-text \" >SITE WEB<\/span><\/button><\/a><\/div><div class=\" ubtn-ctn-right inline-button with-arrow\"><a class=\"ubtn-link ult-adjust-bottom-margin ubtn-right ubtn-normal inline-button with-arrow\" href = \"https:\/\/uberspec.com\/wp-content\/uploads\/2025\/02\/AS9100-18450-Fr.pdf\" target=' _blank' ><button type=\"button\" id=\"ubtn-6730\" class=\"ubtn ult-adjust-bottom-margin ult-responsive ubtn-normal ubtn-fade-bg  none  ubtn-right   tooltip-69de25d6e78f4\"  data-hover=\"\" data-border-color=\"\" data-bg=\"#133f6c\" data-hover-bg=\"#2967a2\" data-border-hover=\"\" data-shadow-hover=\"\" data-shadow-click=\"none\" data-shadow=\"\" data-shd-shadow=\"\"  data-ultimate-target='#ubtn-6730'  data-responsive-json-new='{\"font-size\":\"desktop:16px;\",\"line-height\":\"\"}'  style=\"font-weight:normal;border:none;background: #133f6c;color: #ffffff;\"><span class=\"ubtn-data ubtn-icon\"><i class=\"none\" style=\"font-size:16px;color:;\"><\/i><\/span><span class=\"ubtn-hover\" style=\"background-color:#2967a2\"><\/span><span class=\"ubtn-data ubtn-text \" >PDF<\/span><\/button><\/a><\/div>[\/vc_column_inner][\/vc_row_inner][\/vc_column][\/vc_row][vc_row][vc_column][vc_separator color=&#8221;custom&#8221; border_width=&#8221;2&#8243; accent_color=&#8221;#96c01f&#8221;][\/vc_column][\/vc_row][vc_row][vc_column width=&#8221;1\/2&#8243;][vc_row_inner][vc_column_inner width=&#8221;1\/3&#8243;][vc_single_image image=&#8221;11687&#8243; img_size=&#8221;full&#8221;][\/vc_column_inner][vc_column_inner width=&#8221;2\/3&#8243;][vc_column_text]<\/p>\n<h2>Controlled Goods<\/h2>\n<p>Le Programme des marchandises contr\u00f4l\u00e9es est g\u00e9r\u00e9 par Services publics et Approvisionnement Canada et effectue les t\u00e2ches r\u00e9glementaires sp\u00e9cifi\u00e9es dans le <em>R\u00e8glement sur les marchandises contr\u00f4l\u00e9es<\/em>. Le programme aide les entreprises dans l\u2019atteinte et le maintien de la conformit\u00e9 aux conditions de protection des marchandises contr\u00f4l\u00e9es au Canada et soutient le r\u00e9gime de contr\u00f4le \u00e0 l\u2019exportation du Canada.<\/p>\n<p>&nbsp;[\/vc_column_text]<div class=\" ubtn-ctn-left inline-button\"><a class=\"ubtn-link ult-adjust-bottom-margin ubtn-left ubtn-normal inline-button\" href = \"https:\/\/www.tpsgc-pwgsc.gc.ca\/pmc-cgp\/index-eng.html\" target=' _blank' ><button type=\"button\" id=\"ubtn-5326\" class=\"ubtn ult-adjust-bottom-margin ult-responsive ubtn-normal ubtn-fade-bg  none  ubtn-left   tooltip-69de25d6e7919\"  data-hover=\"\" data-border-color=\"\" data-bg=\"#133f6c\" data-hover-bg=\"#2967a2\" data-border-hover=\"\" data-shadow-hover=\"\" data-shadow-click=\"none\" data-shadow=\"\" data-shd-shadow=\"\"  data-ultimate-target='#ubtn-5326'  data-responsive-json-new='{\"font-size\":\"desktop:16px;\",\"line-height\":\"\"}'  style=\"font-weight:normal;border:none;background: #133f6c;color: #ffffff;\"><span class=\"ubtn-data ubtn-icon\"><i class=\"none\" style=\"font-size:16px;color:;\"><\/i><\/span><span class=\"ubtn-hover\" style=\"background-color:#2967a2\"><\/span><span class=\"ubtn-data ubtn-text \" >SITE WEB<\/span><\/button><\/a><\/div><div class=\" ubtn-ctn-right inline-button with-arrow\"><a class=\"ubtn-link ult-adjust-bottom-margin ubtn-right ubtn-normal inline-button with-arrow\" href = \"https:\/\/uberspec.com\/wp-content\/uploads\/2022\/12\/2.-CG21069-Certificate-of-Registration.pdf\" target=' _blank' ><button type=\"button\" id=\"ubtn-8610\" class=\"ubtn ult-adjust-bottom-margin ult-responsive ubtn-normal ubtn-fade-bg  none  ubtn-right   tooltip-69de25d6e7946\"  data-hover=\"\" data-border-color=\"\" data-bg=\"#133f6c\" data-hover-bg=\"#2967a2\" data-border-hover=\"\" data-shadow-hover=\"\" data-shadow-click=\"none\" data-shadow=\"\" data-shd-shadow=\"\"  data-ultimate-target='#ubtn-8610'  data-responsive-json-new='{\"font-size\":\"desktop:16px;\",\"line-height\":\"\"}'  style=\"font-weight:normal;border:none;background: #133f6c;color: #ffffff;\"><span class=\"ubtn-data ubtn-icon\"><i class=\"none\" style=\"font-size:16px;color:;\"><\/i><\/span><span class=\"ubtn-hover\" style=\"background-color:#2967a2\"><\/span><span class=\"ubtn-data ubtn-text \" >PDF<\/span><\/button><\/a><\/div>[\/vc_column_inner][\/vc_row_inner][\/vc_column][vc_column width=&#8221;1\/2&#8243;][vc_row_inner][vc_column_inner width=&#8221;1\/3&#8243;][\/vc_column_inner][vc_column_inner width=&#8221;2\/3&#8243;][vc_column_text]<\/p>\n<h2>Primes &amp; OEM\u2019s<\/h2>\n<p>Les Fabricants d\u2019\u00c9quipement d\u2019Origine (FEO) ont tous leurs propres programmes d\u2019approbations pour permettre aux entreprises de produire ou d\u2019inspecter des pi\u00e8ces en leurs noms. Contactez-nous pour conna\u00eetre les fabricants pour lesquels nous sommes approuv\u00e9s.[\/vc_column_text]<div class=\" ubtn-ctn-left ga-24-en\"><a class=\"ubtn-link ult-adjust-bottom-margin ubtn-left ubtn-normal ga-24-en\" href = \"https:\/\/uberspec.com\/fr\/nous-joindre-controle-non-destructif\/\" target=' _blank' ><button type=\"button\" id=\"ubtn-2132\" class=\"ubtn ult-adjust-bottom-margin ult-responsive ubtn-normal ubtn-fade-bg  none  ubtn-left   tooltip-69de25d6e796d\"  data-hover=\"\" data-border-color=\"\" data-bg=\"#133f6c\" data-hover-bg=\"#2967a2\" data-border-hover=\"\" data-shadow-hover=\"\" data-shadow-click=\"none\" data-shadow=\"\" data-shd-shadow=\"\"  data-ultimate-target='#ubtn-2132'  data-responsive-json-new='{\"font-size\":\"desktop:16px;\",\"line-height\":\"\"}'  style=\"font-weight:normal;border:none;background: #133f6c;color: #ffffff;\"><span class=\"ubtn-data ubtn-icon\"><i class=\"none\" style=\"font-size:16px;color:;\"><\/i><\/span><span class=\"ubtn-hover\" style=\"background-color:#2967a2\"><\/span><span class=\"ubtn-data ubtn-text \" >Contactez-nous maintenant<\/span><\/button><\/a><\/div>[\/vc_column_inner][\/vc_row_inner][\/vc_column][\/vc_row]<\/p>\n","protected":false},"excerpt":{"rendered":"<p>[vc_row bg_type=&#8221;image&#8221; bg_override=&#8221;ex-full&#8221; css=&#8221;.vc_custom_1601911079015{padding-top: 75px !important;padding-bottom: 75px !important;background-image: url(https:\/\/uberspec.com\/wp-content\/uploads\/2016\/03\/ndt-bg-03.jpg?id=10296) !important;}&#8221;][vc_column][\/vc_column][\/vc_row][vc_row][vc_column][vc_empty_space height=&#8221;75px&#8221;][\/vc_column][\/vc_row][vc_row][vc_column width=&#8221;1\/2&#8243;][vc_row_inner][vc_column_inner width=&#8221;1\/3&#8243;][vc_single_image image=&#8221;11669&#8243; img_size=&#8221;full&#8221;][\/vc_column_inner][vc_column_inner width=&#8221;2\/3&#8243;][vc_column_text] Transport Canada La Direction de l\u2019aviation civile, aussi connue sous le nom de Transport Canada Aviation Civile (TCAC), fait la promotion de la s\u00e9curit\u00e9 du r\u00e9seau national de transport a\u00e9rien par le biais de son cadre r\u00e9glementaire et de<\/p>\n","protected":false},"author":1,"featured_media":0,"parent":0,"menu_order":0,"comment_status":"closed","ping_status":"closed","template":"","meta":{"ngg_post_thumbnail":0,"footnotes":""},"class_list":["post-11667","page","type-page","status-publish","hentry"],"yoast_head":"<!-- This site is optimized with the Yoast SEO plugin v27.3 - https:\/\/yoast.com\/product\/yoast-seo-wordpress\/ -->\n<title>Certifications et Approbations - UberSpec<\/title>\n<meta name=\"robots\" content=\"index, follow, max-snippet:-1, max-image-preview:large, max-video-preview:-1\" \/>\n<link rel=\"canonical\" href=\"https:\/\/uberspec.com\/fr\/certifications-et-approbations\/\" \/>\n<meta property=\"og:locale\" content=\"fr_FR\" \/>\n<meta property=\"og:type\" content=\"article\" \/>\n<meta property=\"og:title\" content=\"Certifications et Approbations - UberSpec\" \/>\n<meta property=\"og:description\" content=\"[vc_row bg_type=&#8221;image&#8221; bg_override=&#8221;ex-full&#8221; css=&#8221;.vc_custom_1601911079015{padding-top: 75px !important;padding-bottom: 75px !important;background-image: url(https:\/\/uberspec.com\/wp-content\/uploads\/2016\/03\/ndt-bg-03.jpg?id=10296) !important;}&#8221;][vc_column][\/vc_column][\/vc_row][vc_row][vc_column][vc_empty_space height=&#8221;75px&#8221;][\/vc_column][\/vc_row][vc_row][vc_column width=&#8221;1\/2&#8243;][vc_row_inner][vc_column_inner width=&#8221;1\/3&#8243;][vc_single_image image=&#8221;11669&#8243; img_size=&#8221;full&#8221;][\/vc_column_inner][vc_column_inner width=&#8221;2\/3&#8243;][vc_column_text] Transport Canada La Direction de l\u2019aviation civile, aussi connue sous le nom de Transport Canada Aviation Civile (TCAC), fait la promotion de la s\u00e9curit\u00e9 du r\u00e9seau national de transport a\u00e9rien par le biais de son cadre r\u00e9glementaire et de\" \/>\n<meta property=\"og:url\" content=\"https:\/\/uberspec.com\/fr\/certifications-et-approbations\/\" \/>\n<meta property=\"og:site_name\" content=\"UberSpec\" \/>\n<meta property=\"article:modified_time\" content=\"2025-02-04T14:33:35+00:00\" \/>\n<meta name=\"twitter:card\" content=\"summary_large_image\" \/>\n<meta name=\"twitter:label1\" content=\"Dur\u00e9e de lecture estim\u00e9e\" \/>\n\t<meta name=\"twitter:data1\" content=\"3 minutes\" \/>\n<script type=\"application\/ld+json\" class=\"yoast-schema-graph\">{\"@context\":\"https:\\\/\\\/schema.org\",\"@graph\":[{\"@type\":\"WebPage\",\"@id\":\"https:\\\/\\\/uberspec.com\\\/fr\\\/certifications-et-approbations\\\/\",\"url\":\"https:\\\/\\\/uberspec.com\\\/fr\\\/certifications-et-approbations\\\/\",\"name\":\"Certifications et Approbations - UberSpec\",\"isPartOf\":{\"@id\":\"https:\\\/\\\/uberspec.com\\\/#website\"},\"datePublished\":\"2020-10-05T15:53:00+00:00\",\"dateModified\":\"2025-02-04T14:33:35+00:00\",\"breadcrumb\":{\"@id\":\"https:\\\/\\\/uberspec.com\\\/fr\\\/certifications-et-approbations\\\/#breadcrumb\"},\"inLanguage\":\"fr-FR\",\"potentialAction\":[{\"@type\":\"ReadAction\",\"target\":[\"https:\\\/\\\/uberspec.com\\\/fr\\\/certifications-et-approbations\\\/\"]}]},{\"@type\":\"BreadcrumbList\",\"@id\":\"https:\\\/\\\/uberspec.com\\\/fr\\\/certifications-et-approbations\\\/#breadcrumb\",\"itemListElement\":[{\"@type\":\"ListItem\",\"position\":1,\"name\":\"Home\",\"item\":\"https:\\\/\\\/uberspec.com\\\/fr\\\/\"},{\"@type\":\"ListItem\",\"position\":2,\"name\":\"Certifications et Approbations\"}]},{\"@type\":\"WebSite\",\"@id\":\"https:\\\/\\\/uberspec.com\\\/#website\",\"url\":\"https:\\\/\\\/uberspec.com\\\/\",\"name\":\"UberSpec\",\"description\":\"Essais non destructifs, NDT Solutions\",\"potentialAction\":[{\"@type\":\"SearchAction\",\"target\":{\"@type\":\"EntryPoint\",\"urlTemplate\":\"https:\\\/\\\/uberspec.com\\\/?s={search_term_string}\"},\"query-input\":{\"@type\":\"PropertyValueSpecification\",\"valueRequired\":true,\"valueName\":\"search_term_string\"}}],\"inLanguage\":\"fr-FR\"}]}<\/script>\n<!-- \/ Yoast SEO plugin. -->","yoast_head_json":{"title":"Certifications et Approbations - UberSpec","robots":{"index":"index","follow":"follow","max-snippet":"max-snippet:-1","max-image-preview":"max-image-preview:large","max-video-preview":"max-video-preview:-1"},"canonical":"https:\/\/uberspec.com\/fr\/certifications-et-approbations\/","og_locale":"fr_FR","og_type":"article","og_title":"Certifications et Approbations - UberSpec","og_description":"[vc_row bg_type=&#8221;image&#8221; bg_override=&#8221;ex-full&#8221; css=&#8221;.vc_custom_1601911079015{padding-top: 75px !important;padding-bottom: 75px !important;background-image: url(https:\/\/uberspec.com\/wp-content\/uploads\/2016\/03\/ndt-bg-03.jpg?id=10296) !important;}&#8221;][vc_column][\/vc_column][\/vc_row][vc_row][vc_column][vc_empty_space height=&#8221;75px&#8221;][\/vc_column][\/vc_row][vc_row][vc_column width=&#8221;1\/2&#8243;][vc_row_inner][vc_column_inner width=&#8221;1\/3&#8243;][vc_single_image image=&#8221;11669&#8243; img_size=&#8221;full&#8221;][\/vc_column_inner][vc_column_inner width=&#8221;2\/3&#8243;][vc_column_text] Transport Canada La Direction de l\u2019aviation civile, aussi connue sous le nom de Transport Canada Aviation Civile (TCAC), fait la promotion de la s\u00e9curit\u00e9 du r\u00e9seau national de transport a\u00e9rien par le biais de son cadre r\u00e9glementaire et de","og_url":"https:\/\/uberspec.com\/fr\/certifications-et-approbations\/","og_site_name":"UberSpec","article_modified_time":"2025-02-04T14:33:35+00:00","twitter_card":"summary_large_image","twitter_misc":{"Dur\u00e9e de lecture estim\u00e9e":"3 minutes"},"schema":{"@context":"https:\/\/schema.org","@graph":[{"@type":"WebPage","@id":"https:\/\/uberspec.com\/fr\/certifications-et-approbations\/","url":"https:\/\/uberspec.com\/fr\/certifications-et-approbations\/","name":"Certifications et Approbations - UberSpec","isPartOf":{"@id":"https:\/\/uberspec.com\/#website"},"datePublished":"2020-10-05T15:53:00+00:00","dateModified":"2025-02-04T14:33:35+00:00","breadcrumb":{"@id":"https:\/\/uberspec.com\/fr\/certifications-et-approbations\/#breadcrumb"},"inLanguage":"fr-FR","potentialAction":[{"@type":"ReadAction","target":["https:\/\/uberspec.com\/fr\/certifications-et-approbations\/"]}]},{"@type":"BreadcrumbList","@id":"https:\/\/uberspec.com\/fr\/certifications-et-approbations\/#breadcrumb","itemListElement":[{"@type":"ListItem","position":1,"name":"Home","item":"https:\/\/uberspec.com\/fr\/"},{"@type":"ListItem","position":2,"name":"Certifications et Approbations"}]},{"@type":"WebSite","@id":"https:\/\/uberspec.com\/#website","url":"https:\/\/uberspec.com\/","name":"UberSpec","description":"Essais non destructifs, NDT Solutions","potentialAction":[{"@type":"SearchAction","target":{"@type":"EntryPoint","urlTemplate":"https:\/\/uberspec.com\/?s={search_term_string}"},"query-input":{"@type":"PropertyValueSpecification","valueRequired":true,"valueName":"search_term_string"}}],"inLanguage":"fr-FR"}]}},"_links":{"self":[{"href":"https:\/\/uberspec.com\/fr\/wp-json\/wp\/v2\/pages\/11667","targetHints":{"allow":["GET"]}}],"collection":[{"href":"https:\/\/uberspec.com\/fr\/wp-json\/wp\/v2\/pages"}],"about":[{"href":"https:\/\/uberspec.com\/fr\/wp-json\/wp\/v2\/types\/page"}],"author":[{"embeddable":true,"href":"https:\/\/uberspec.com\/fr\/wp-json\/wp\/v2\/users\/1"}],"replies":[{"embeddable":true,"href":"https:\/\/uberspec.com\/fr\/wp-json\/wp\/v2\/comments?post=11667"}],"version-history":[{"count":10,"href":"https:\/\/uberspec.com\/fr\/wp-json\/wp\/v2\/pages\/11667\/revisions"}],"predecessor-version":[{"id":11844,"href":"https:\/\/uberspec.com\/fr\/wp-json\/wp\/v2\/pages\/11667\/revisions\/11844"}],"wp:attachment":[{"href":"https:\/\/uberspec.com\/fr\/wp-json\/wp\/v2\/media?parent=11667"}],"curies":[{"name":"wp","href":"https:\/\/api.w.org\/{rel}","templated":true}]}}